{"id":92,"date":"2019-03-06T13:36:32","date_gmt":"2019-03-06T13:36:32","guid":{"rendered":"https:\/\/demosites.io\/shop\/?post_type=product&#038;p=92"},"modified":"2026-02-27T14:14:03","modified_gmt":"2026-02-27T14:14:03","slug":"carcasa-de-rana","status":"publish","type":"product","link":"https:\/\/frogforpets.com\/en\/product\/carcasa-de-rana\/","title":{"rendered":"Anura Muscular Core (Carcasa Magra rica en Calcio)"},"content":{"rendered":"<p>Torso anat\u00f3mico de anuro procesado mec\u00e1nicamente para ofrecer un aporte masivo de calcio b\u00edo-disponible y prote\u00edna magra. Producto congelado. Sin extremidades traseras. 0% Grasa saturada. Ideal para hembras en recuperaci\u00f3n y fases de crecimiento r\u00e1pido.<\/p>\n<!-- AddThis Advanced Settings generic via filter on the_content --><!-- AddThis Share Buttons generic via filter on the_content -->","protected":false},"excerpt":{"rendered":"<p><em>Torso muscular rico en calcio natural y cart\u00edlago para el soporte \u00f3seo del ejemplar.<\/em><!-- AddThis Advanced Settings generic via filter on get_the_excerpt --><!-- AddThis Share Buttons generic via filter on get_the_excerpt --><\/p>","protected":false},"featured_media":1870,"template":"","meta":{"site-sidebar-layout":"default","site-content-layout":"default","ast-global-header-display":"","ast-main-header-display":"","ast-hfb-above-header-display":"","ast-hfb-below-header-display":"","ast-hfb-mobile-header-display":"","site-post-title":"","ast-breadcrumbs-content":"","ast-featured-img":"","footer-sml-layout":"","theme-transparent-header-meta":"default","adv-header-id-meta":"","stick-header-meta":"","header-above-stick-meta":"","header-main-stick-meta":"","header-below-stick-meta":""},"product_brand":[],"product_cat":[15],"product_tag":[52,58,60,62,61,64,63],"class_list":{"0":"post-92","1":"product","2":"type-product","3":"status-publish","4":"has-post-thumbnail","6":"product_cat-uncategorized","7":"product_tag-alimento-congelado","8":"product_tag-bio-prey","9":"product_tag-calcio-natural","10":"product_tag-crecimiento-oseo","11":"product_tag-herpetologia","12":"product_tag-recuperacion-reproductoras","13":"product_tag-reptiles-carnivoros","15":"first","16":"instock","17":"taxable","18":"shipping-taxable","19":"purchasable","20":"product-type-simple"},"yoast_head":"<!-- This site is optimized with the Yoast SEO plugin v27.4 - https:\/\/yoast.com\/product\/yoast-seo-wordpress\/ -->\n<title>Anura Muscular Core (Carcasa Magra rica en Calcio) - FROG FOR PETS<\/title>\n<meta name=\"description\" content=\"Carcasa de rana para reptiles rica en calcio y prote\u00edna magra. Suplemento natural ideal para el desarrollo \u00f3seo. \u00a1Calidad cl\u00ednica exclusiva Frog For Pets!\" \/>\n<meta name=\"robots\" content=\"index, follow, max-snippet:-1, max-image-preview:large, max-video-preview:-1\" \/>\n<link rel=\"canonical\" href=\"https:\/\/frogforpets.com\/en\/product\/carcasa-de-rana\/\" \/>\n<meta property=\"og:locale\" content=\"en_US\" \/>\n<meta property=\"og:type\" content=\"article\" \/>\n<meta property=\"og:title\" content=\"Anura Muscular Core (Carcasa Magra rica en Calcio) - FROG FOR PETS\" \/>\n<meta property=\"og:description\" content=\"Carcasa de rana para reptiles rica en calcio y prote\u00edna magra. Suplemento natural ideal para el desarrollo \u00f3seo. \u00a1Calidad cl\u00ednica exclusiva Frog For Pets!\" \/>\n<meta property=\"og:url\" content=\"https:\/\/frogforpets.com\/en\/product\/carcasa-de-rana\/\" \/>\n<meta property=\"og:site_name\" content=\"FROG FOR PETS\" \/>\n<meta property=\"article:publisher\" content=\"https:\/\/www.facebook.com\/FROG-4-PETS-478081129251940\/\" \/>\n<meta property=\"article:modified_time\" content=\"2026-02-27T14:14:03+00:00\" \/>\n<meta property=\"og:image\" content=\"https:\/\/frogforpets.com\/wp-content\/uploads\/2026\/02\/CARCASA\u00a9-2024-Frog-For-Pets.jpg\" \/>\n\t<meta property=\"og:image:width\" content=\"1200\" \/>\n\t<meta property=\"og:image:height\" content=\"1200\" \/>\n\t<meta property=\"og:image:type\" content=\"image\/jpeg\" \/>\n<meta name=\"twitter:card\" content=\"summary_large_image\" \/>\n<meta name=\"twitter:site\" content=\"@frog4pets\" \/>\n<meta name=\"twitter:label1\" content=\"Est. reading time\" \/>\n\t<meta name=\"twitter:data1\" content=\"1 minute\" \/>\n<script type=\"application\/ld+json\" class=\"yoast-schema-graph\">{\"@context\":\"https:\\\/\\\/schema.org\",\"@graph\":[{\"@type\":\"WebPage\",\"@id\":\"https:\\\/\\\/frogforpets.com\\\/product\\\/carcasa-de-rana\\\/\",\"url\":\"https:\\\/\\\/frogforpets.com\\\/product\\\/carcasa-de-rana\\\/\",\"name\":\"Anura Muscular Core (Carcasa Magra rica en Calcio) - FROG FOR PETS\",\"isPartOf\":{\"@id\":\"https:\\\/\\\/frogforpets.com\\\/#website\"},\"primaryImageOfPage\":{\"@id\":\"https:\\\/\\\/frogforpets.com\\\/product\\\/carcasa-de-rana\\\/#primaryimage\"},\"image\":{\"@id\":\"https:\\\/\\\/frogforpets.com\\\/product\\\/carcasa-de-rana\\\/#primaryimage\"},\"thumbnailUrl\":\"https:\\\/\\\/frogforpets.com\\\/wp-content\\\/uploads\\\/2026\\\/02\\\/CARCASA\u00a9-2024-Frog-For-Pets.jpg\",\"datePublished\":\"2019-03-06T13:36:32+00:00\",\"dateModified\":\"2026-02-27T14:14:03+00:00\",\"description\":\"Carcasa de rana para reptiles rica en calcio y prote\u00edna magra. Suplemento natural ideal para el desarrollo \u00f3seo. \u00a1Calidad cl\u00ednica exclusiva Frog For Pets!\",\"breadcrumb\":{\"@id\":\"https:\\\/\\\/frogforpets.com\\\/product\\\/carcasa-de-rana\\\/#breadcrumb\"},\"inLanguage\":\"en-US\",\"potentialAction\":[{\"@type\":\"ReadAction\",\"target\":[\"https:\\\/\\\/frogforpets.com\\\/product\\\/carcasa-de-rana\\\/\"]}]},{\"@type\":\"ImageObject\",\"inLanguage\":\"en-US\",\"@id\":\"https:\\\/\\\/frogforpets.com\\\/product\\\/carcasa-de-rana\\\/#primaryimage\",\"url\":\"https:\\\/\\\/frogforpets.com\\\/wp-content\\\/uploads\\\/2026\\\/02\\\/CARCASA\u00a9-2024-Frog-For-Pets.jpg\",\"contentUrl\":\"https:\\\/\\\/frogforpets.com\\\/wp-content\\\/uploads\\\/2026\\\/02\\\/CARCASA\u00a9-2024-Frog-For-Pets.jpg\",\"width\":1200,\"height\":1200,\"caption\":\"Torso anat\u00f3mico (Upper Trunk) rico en cart\u00edlago y prote\u00edna bio-disponible.\"},{\"@type\":\"BreadcrumbList\",\"@id\":\"https:\\\/\\\/frogforpets.com\\\/product\\\/carcasa-de-rana\\\/#breadcrumb\",\"itemListElement\":[{\"@type\":\"ListItem\",\"position\":1,\"name\":\"Home\",\"item\":\"https:\\\/\\\/frogforpets.com\\\/\"},{\"@type\":\"ListItem\",\"position\":2,\"name\":\"Shop\",\"item\":\"https:\\\/\\\/frogforpets.com\\\/tienda\\\/\"},{\"@type\":\"ListItem\",\"position\":3,\"name\":\"Anura Muscular Core (Carcasa Magra rica en Calcio)\"}]},{\"@type\":\"WebSite\",\"@id\":\"https:\\\/\\\/frogforpets.com\\\/#website\",\"url\":\"https:\\\/\\\/frogforpets.com\\\/\",\"name\":\"Frog for pets\",\"description\":\"Prote\u00edna de calidad para tu mascota\",\"publisher\":{\"@id\":\"https:\\\/\\\/frogforpets.com\\\/#organization\"},\"potentialAction\":[{\"@type\":\"SearchAction\",\"target\":{\"@type\":\"EntryPoint\",\"urlTemplate\":\"https:\\\/\\\/frogforpets.com\\\/?s={search_term_string}\"},\"query-input\":{\"@type\":\"PropertyValueSpecification\",\"valueRequired\":true,\"valueName\":\"search_term_string\"}}],\"inLanguage\":\"en-US\"},{\"@type\":\"Organization\",\"@id\":\"https:\\\/\\\/frogforpets.com\\\/#organization\",\"name\":\"Frog4Pets\",\"url\":\"https:\\\/\\\/frogforpets.com\\\/\",\"logo\":{\"@type\":\"ImageObject\",\"inLanguage\":\"en-US\",\"@id\":\"https:\\\/\\\/frogforpets.com\\\/#\\\/schema\\\/logo\\\/image\\\/\",\"url\":\"https:\\\/\\\/frogforpets.com\\\/wp-content\\\/uploads\\\/2020\\\/07\\\/LOGO.png\",\"contentUrl\":\"https:\\\/\\\/frogforpets.com\\\/wp-content\\\/uploads\\\/2020\\\/07\\\/LOGO.png\",\"width\":400,\"height\":300,\"caption\":\"Frog4Pets\"},\"image\":{\"@id\":\"https:\\\/\\\/frogforpets.com\\\/#\\\/schema\\\/logo\\\/image\\\/\"},\"sameAs\":[\"https:\\\/\\\/www.facebook.com\\\/FROG-4-PETS-478081129251940\\\/\",\"https:\\\/\\\/x.com\\\/frog4pets\",\"https:\\\/\\\/www.instagram.com\\\/frog4pets\\\/\",\"https:\\\/\\\/www.linkedin.com\\\/mwlite\\\/company\\\/frog4pets\",\"https:\\\/\\\/www.youtube.com\\\/channel\\\/UCyZ-zhMoUZFSIAmUtEkNKSA\\\/\"]}]}<\/script>\n<!-- \/ Yoast SEO plugin. -->","yoast_head_json":{"title":"Anura Muscular Core (Carcasa Magra rica en Calcio) - FROG FOR PETS","description":"Carcasa de rana para reptiles rica en calcio y prote\u00edna magra. Suplemento natural ideal para el desarrollo \u00f3seo. \u00a1Calidad cl\u00ednica exclusiva Frog For Pets!","robots":{"index":"index","follow":"follow","max-snippet":"max-snippet:-1","max-image-preview":"max-image-preview:large","max-video-preview":"max-video-preview:-1"},"canonical":"https:\/\/frogforpets.com\/en\/product\/carcasa-de-rana\/","og_locale":"en_US","og_type":"article","og_title":"Anura Muscular Core (Carcasa Magra rica en Calcio) - FROG FOR PETS","og_description":"Carcasa de rana para reptiles rica en calcio y prote\u00edna magra. Suplemento natural ideal para el desarrollo \u00f3seo. \u00a1Calidad cl\u00ednica exclusiva Frog For Pets!","og_url":"https:\/\/frogforpets.com\/en\/product\/carcasa-de-rana\/","og_site_name":"FROG FOR PETS","article_publisher":"https:\/\/www.facebook.com\/FROG-4-PETS-478081129251940\/","article_modified_time":"2026-02-27T14:14:03+00:00","og_image":[{"width":1200,"height":1200,"url":"https:\/\/frogforpets.com\/wp-content\/uploads\/2026\/02\/CARCASA\u00a9-2024-Frog-For-Pets.jpg","type":"image\/jpeg"}],"twitter_card":"summary_large_image","twitter_site":"@frog4pets","twitter_misc":{"Est. reading time":"1 minute"},"schema":{"@context":"https:\/\/schema.org","@graph":[{"@type":"WebPage","@id":"https:\/\/frogforpets.com\/product\/carcasa-de-rana\/","url":"https:\/\/frogforpets.com\/product\/carcasa-de-rana\/","name":"Anura Muscular Core (Carcasa Magra rica en Calcio) - FROG FOR PETS","isPartOf":{"@id":"https:\/\/frogforpets.com\/#website"},"primaryImageOfPage":{"@id":"https:\/\/frogforpets.com\/product\/carcasa-de-rana\/#primaryimage"},"image":{"@id":"https:\/\/frogforpets.com\/product\/carcasa-de-rana\/#primaryimage"},"thumbnailUrl":"https:\/\/frogforpets.com\/wp-content\/uploads\/2026\/02\/CARCASA\u00a9-2024-Frog-For-Pets.jpg","datePublished":"2019-03-06T13:36:32+00:00","dateModified":"2026-02-27T14:14:03+00:00","description":"Carcasa de rana para reptiles rica en calcio y prote\u00edna magra. Suplemento natural ideal para el desarrollo \u00f3seo. \u00a1Calidad cl\u00ednica exclusiva Frog For Pets!","breadcrumb":{"@id":"https:\/\/frogforpets.com\/product\/carcasa-de-rana\/#breadcrumb"},"inLanguage":"en-US","potentialAction":[{"@type":"ReadAction","target":["https:\/\/frogforpets.com\/product\/carcasa-de-rana\/"]}]},{"@type":"ImageObject","inLanguage":"en-US","@id":"https:\/\/frogforpets.com\/product\/carcasa-de-rana\/#primaryimage","url":"https:\/\/frogforpets.com\/wp-content\/uploads\/2026\/02\/CARCASA\u00a9-2024-Frog-For-Pets.jpg","contentUrl":"https:\/\/frogforpets.com\/wp-content\/uploads\/2026\/02\/CARCASA\u00a9-2024-Frog-For-Pets.jpg","width":1200,"height":1200,"caption":"Torso anat\u00f3mico (Upper Trunk) rico en cart\u00edlago y prote\u00edna bio-disponible."},{"@type":"BreadcrumbList","@id":"https:\/\/frogforpets.com\/product\/carcasa-de-rana\/#breadcrumb","itemListElement":[{"@type":"ListItem","position":1,"name":"Home","item":"https:\/\/frogforpets.com\/"},{"@type":"ListItem","position":2,"name":"Shop","item":"https:\/\/frogforpets.com\/tienda\/"},{"@type":"ListItem","position":3,"name":"Anura Muscular Core (Carcasa Magra rica en Calcio)"}]},{"@type":"WebSite","@id":"https:\/\/frogforpets.com\/#website","url":"https:\/\/frogforpets.com\/","name":"Frog for pets","description":"Prote\u00edna de calidad para tu mascota","publisher":{"@id":"https:\/\/frogforpets.com\/#organization"},"potentialAction":[{"@type":"SearchAction","target":{"@type":"EntryPoint","urlTemplate":"https:\/\/frogforpets.com\/?s={search_term_string}"},"query-input":{"@type":"PropertyValueSpecification","valueRequired":true,"valueName":"search_term_string"}}],"inLanguage":"en-US"},{"@type":"Organization","@id":"https:\/\/frogforpets.com\/#organization","name":"Frog4Pets","url":"https:\/\/frogforpets.com\/","logo":{"@type":"ImageObject","inLanguage":"en-US","@id":"https:\/\/frogforpets.com\/#\/schema\/logo\/image\/","url":"https:\/\/frogforpets.com\/wp-content\/uploads\/2020\/07\/LOGO.png","contentUrl":"https:\/\/frogforpets.com\/wp-content\/uploads\/2020\/07\/LOGO.png","width":400,"height":300,"caption":"Frog4Pets"},"image":{"@id":"https:\/\/frogforpets.com\/#\/schema\/logo\/image\/"},"sameAs":["https:\/\/www.facebook.com\/FROG-4-PETS-478081129251940\/","https:\/\/x.com\/frog4pets","https:\/\/www.instagram.com\/frog4pets\/","https:\/\/www.linkedin.com\/mwlite\/company\/frog4pets","https:\/\/www.youtube.com\/channel\/UCyZ-zhMoUZFSIAmUtEkNKSA\/"]}]}},"jetpack_sharing_enabled":true,"_links":{"self":[{"href":"https:\/\/frogforpets.com\/en\/wp-json\/wp\/v2\/product\/92","targetHints":{"allow":["GET"]}}],"collection":[{"href":"https:\/\/frogforpets.com\/en\/wp-json\/wp\/v2\/product"}],"about":[{"href":"https:\/\/frogforpets.com\/en\/wp-json\/wp\/v2\/types\/product"}],"wp:featuredmedia":[{"embeddable":true,"href":"https:\/\/frogforpets.com\/en\/wp-json\/wp\/v2\/media\/1870"}],"wp:attachment":[{"href":"https:\/\/frogforpets.com\/en\/wp-json\/wp\/v2\/media?parent=92"}],"wp:term":[{"taxonomy":"product_brand","embeddable":true,"href":"https:\/\/frogforpets.com\/en\/wp-json\/wp\/v2\/product_brand?post=92"},{"taxonomy":"product_cat","embeddable":true,"href":"https:\/\/frogforpets.com\/en\/wp-json\/wp\/v2\/product_cat?post=92"},{"taxonomy":"product_tag","embeddable":true,"href":"https:\/\/frogforpets.com\/en\/wp-json\/wp\/v2\/product_tag?post=92"}],"curies":[{"name":"wp","href":"https:\/\/api.w.org\/{rel}","templated":true}]}}