{"id":1765,"date":"2024-03-11T09:53:22","date_gmt":"2024-03-11T09:53:22","guid":{"rendered":"https:\/\/frogforpets.com\/?post_type=product&#038;p=1765"},"modified":"2026-02-27T14:12:49","modified_gmt":"2026-02-27T14:12:49","slug":"rana-entera-congeladas","status":"publish","type":"product","link":"https:\/\/frogforpets.com\/en\/product\/rana-entera-congeladas\/","title":{"rendered":"RANAS ENTERAS CONGELADAS (Whole Anura Bio-Prey)"},"content":{"rendered":"<p><code class=\"whitespace-pre-wrap\">Presa biol\u00f3gica de espectro completo (Whole Prey). Nuestras ranas enteras conservan \u00edntegros todos los \u00f3rganos, fluidos y estructuras \u00f3seas, ofreciendo a tu reptil la nutrici\u00f3n m\u00e1s equilibrada y baja en grasas del mercado. <\/code><\/p>\n<p><code class=\"whitespace-pre-wrap\">A diferencia de los roedores, el anfibio aporta una mayor densidad de prote\u00ednas limpias y una hidrataci\u00f3n superior, siendo la soluci\u00f3n definitiva para ejemplares con tendencia al letargo o la obesidad.<\/code><\/p>\n<p><strong style=\"font-size: 16px;\">Instrucciones de Uso\u00a0<\/strong><\/p>\n<p><em>Descongelar a temperatura ambiente. No usar microondas.\u00a0 Producto de uso exclusivo para alimentaci\u00f3n animal.<\/em><\/p>\n<!-- AddThis Advanced Settings generic via filter on the_content --><!-- AddThis Share Buttons generic via filter on the_content -->","protected":false},"excerpt":{"rendered":"<p>Ranas enteras congeladas (Whole Prey) para reptiles. 3 tama\u00f1os. Alta prote\u00edna, baja grasa y calcio natural. Dieta biol\u00f3gicamente perfecta.<!-- AddThis Advanced Settings generic via filter on get_the_excerpt --><!-- AddThis Share Buttons generic via filter on get_the_excerpt --><\/p>","protected":false},"featured_media":1879,"template":"","meta":{"site-sidebar-layout":"default","site-content-layout":"default","ast-global-header-display":"","ast-main-header-display":"","ast-hfb-above-header-display":"","ast-hfb-below-header-display":"","ast-hfb-mobile-header-display":"","site-post-title":"","ast-breadcrumbs-content":"","ast-featured-img":"","footer-sml-layout":"","theme-transparent-header-meta":"default","adv-header-id-meta":"","stick-header-meta":"","header-above-stick-meta":"","header-main-stick-meta":"","header-below-stick-meta":""},"product_brand":[],"product_cat":[15],"product_tag":[52,58,60,59,53,54,56,57,55],"class_list":{"0":"post-1765","1":"product","2":"type-product","3":"status-publish","4":"has-post-thumbnail","6":"product_cat-uncategorized","7":"product_tag-alimento-congelado","8":"product_tag-bio-prey","9":"product_tag-calcio-natural","10":"product_tag-dieta-anfibia","11":"product_tag-ranas-congeladas","12":"product_tag-reptiles","13":"product_tag-serpientes","14":"product_tag-varanos","15":"product_tag-whole-prey","17":"first","18":"instock","19":"taxable","20":"shipping-taxable","21":"purchasable","22":"product-type-variable","23":"has-default-attributes"},"yoast_head":"<!-- This site is optimized with the Yoast SEO plugin v27.4 - https:\/\/yoast.com\/product\/yoast-seo-wordpress\/ -->\n<title>Ranas Enteras Congeladas para Reptiles | Frog For Pets<\/title>\n<meta name=\"description\" content=\"Ranas enteras congeladas (Whole Prey) para reptiles. Alta prote\u00edna, baja grasa y calcio natural. Dieta biol\u00f3gicamente perfecta. \u00a1Calidad Frog For Pets aqu\u00ed!\" \/>\n<meta name=\"robots\" content=\"index, follow, max-snippet:-1, max-image-preview:large, max-video-preview:-1\" \/>\n<link rel=\"canonical\" href=\"https:\/\/frogforpets.com\/en\/product\/rana-entera-congeladas\/\" \/>\n<meta property=\"og:locale\" content=\"en_US\" \/>\n<meta property=\"og:type\" content=\"article\" \/>\n<meta property=\"og:title\" content=\"Ranas Enteras Congeladas para Reptiles | Frog For Pets\" \/>\n<meta property=\"og:description\" content=\"Ranas enteras congeladas (Whole Prey) para reptiles. Alta prote\u00edna, baja grasa y calcio natural. Dieta biol\u00f3gicamente perfecta. \u00a1Calidad Frog For Pets aqu\u00ed!\" \/>\n<meta property=\"og:url\" content=\"https:\/\/frogforpets.com\/en\/product\/rana-entera-congeladas\/\" \/>\n<meta property=\"og:site_name\" content=\"FROG FOR PETS\" \/>\n<meta property=\"article:publisher\" content=\"https:\/\/www.facebook.com\/FROG-4-PETS-478081129251940\/\" \/>\n<meta property=\"article:modified_time\" content=\"2026-02-27T14:12:49+00:00\" \/>\n<meta property=\"og:image\" content=\"https:\/\/frogforpets.com\/wp-content\/uploads\/2024\/03\/anura-whole-prey.jpg\" \/>\n\t<meta property=\"og:image:width\" content=\"1200\" \/>\n\t<meta property=\"og:image:height\" content=\"1200\" \/>\n\t<meta property=\"og:image:type\" content=\"image\/jpeg\" \/>\n<meta name=\"twitter:card\" content=\"summary_large_image\" \/>\n<meta name=\"twitter:site\" content=\"@frog4pets\" \/>\n<meta name=\"twitter:label1\" content=\"Est. reading time\" \/>\n\t<meta name=\"twitter:data1\" content=\"1 minute\" \/>\n<script type=\"application\/ld+json\" class=\"yoast-schema-graph\">{\"@context\":\"https:\\\/\\\/schema.org\",\"@graph\":[{\"@type\":\"WebPage\",\"@id\":\"https:\\\/\\\/frogforpets.com\\\/product\\\/rana-entera-congeladas\\\/\",\"url\":\"https:\\\/\\\/frogforpets.com\\\/product\\\/rana-entera-congeladas\\\/\",\"name\":\"Ranas Enteras Congeladas para Reptiles | Frog For Pets\",\"isPartOf\":{\"@id\":\"https:\\\/\\\/frogforpets.com\\\/#website\"},\"primaryImageOfPage\":{\"@id\":\"https:\\\/\\\/frogforpets.com\\\/product\\\/rana-entera-congeladas\\\/#primaryimage\"},\"image\":{\"@id\":\"https:\\\/\\\/frogforpets.com\\\/product\\\/rana-entera-congeladas\\\/#primaryimage\"},\"thumbnailUrl\":\"https:\\\/\\\/frogforpets.com\\\/wp-content\\\/uploads\\\/2024\\\/03\\\/anura-whole-prey.jpg\",\"datePublished\":\"2024-03-11T09:53:22+00:00\",\"dateModified\":\"2026-02-27T14:12:49+00:00\",\"description\":\"Ranas enteras congeladas (Whole Prey) para reptiles. Alta prote\u00edna, baja grasa y calcio natural. Dieta biol\u00f3gicamente perfecta. \u00a1Calidad Frog For Pets aqu\u00ed!\",\"breadcrumb\":{\"@id\":\"https:\\\/\\\/frogforpets.com\\\/product\\\/rana-entera-congeladas\\\/#breadcrumb\"},\"inLanguage\":\"en-US\",\"potentialAction\":[{\"@type\":\"ReadAction\",\"target\":[\"https:\\\/\\\/frogforpets.com\\\/product\\\/rana-entera-congeladas\\\/\"]}]},{\"@type\":\"ImageObject\",\"inLanguage\":\"en-US\",\"@id\":\"https:\\\/\\\/frogforpets.com\\\/product\\\/rana-entera-congeladas\\\/#primaryimage\",\"url\":\"https:\\\/\\\/frogforpets.com\\\/wp-content\\\/uploads\\\/2024\\\/03\\\/anura-whole-prey.jpg\",\"contentUrl\":\"https:\\\/\\\/frogforpets.com\\\/wp-content\\\/uploads\\\/2024\\\/03\\\/anura-whole-prey.jpg\",\"width\":1200,\"height\":1200},{\"@type\":\"BreadcrumbList\",\"@id\":\"https:\\\/\\\/frogforpets.com\\\/product\\\/rana-entera-congeladas\\\/#breadcrumb\",\"itemListElement\":[{\"@type\":\"ListItem\",\"position\":1,\"name\":\"Home\",\"item\":\"https:\\\/\\\/frogforpets.com\\\/\"},{\"@type\":\"ListItem\",\"position\":2,\"name\":\"Shop\",\"item\":\"https:\\\/\\\/frogforpets.com\\\/tienda\\\/\"},{\"@type\":\"ListItem\",\"position\":3,\"name\":\"RANAS ENTERAS CONGELADAS (Whole Anura Bio-Prey)\"}]},{\"@type\":\"WebSite\",\"@id\":\"https:\\\/\\\/frogforpets.com\\\/#website\",\"url\":\"https:\\\/\\\/frogforpets.com\\\/\",\"name\":\"Frog for pets\",\"description\":\"Prote\u00edna de calidad para tu mascota\",\"publisher\":{\"@id\":\"https:\\\/\\\/frogforpets.com\\\/#organization\"},\"potentialAction\":[{\"@type\":\"SearchAction\",\"target\":{\"@type\":\"EntryPoint\",\"urlTemplate\":\"https:\\\/\\\/frogforpets.com\\\/?s={search_term_string}\"},\"query-input\":{\"@type\":\"PropertyValueSpecification\",\"valueRequired\":true,\"valueName\":\"search_term_string\"}}],\"inLanguage\":\"en-US\"},{\"@type\":\"Organization\",\"@id\":\"https:\\\/\\\/frogforpets.com\\\/#organization\",\"name\":\"Frog4Pets\",\"url\":\"https:\\\/\\\/frogforpets.com\\\/\",\"logo\":{\"@type\":\"ImageObject\",\"inLanguage\":\"en-US\",\"@id\":\"https:\\\/\\\/frogforpets.com\\\/#\\\/schema\\\/logo\\\/image\\\/\",\"url\":\"https:\\\/\\\/frogforpets.com\\\/wp-content\\\/uploads\\\/2020\\\/07\\\/LOGO.png\",\"contentUrl\":\"https:\\\/\\\/frogforpets.com\\\/wp-content\\\/uploads\\\/2020\\\/07\\\/LOGO.png\",\"width\":400,\"height\":300,\"caption\":\"Frog4Pets\"},\"image\":{\"@id\":\"https:\\\/\\\/frogforpets.com\\\/#\\\/schema\\\/logo\\\/image\\\/\"},\"sameAs\":[\"https:\\\/\\\/www.facebook.com\\\/FROG-4-PETS-478081129251940\\\/\",\"https:\\\/\\\/x.com\\\/frog4pets\",\"https:\\\/\\\/www.instagram.com\\\/frog4pets\\\/\",\"https:\\\/\\\/www.linkedin.com\\\/mwlite\\\/company\\\/frog4pets\",\"https:\\\/\\\/www.youtube.com\\\/channel\\\/UCyZ-zhMoUZFSIAmUtEkNKSA\\\/\"]}]}<\/script>\n<!-- \/ Yoast SEO plugin. -->","yoast_head_json":{"title":"Ranas Enteras Congeladas para Reptiles | Frog For Pets","description":"Ranas enteras congeladas (Whole Prey) para reptiles. Alta prote\u00edna, baja grasa y calcio natural. Dieta biol\u00f3gicamente perfecta. \u00a1Calidad Frog For Pets aqu\u00ed!","robots":{"index":"index","follow":"follow","max-snippet":"max-snippet:-1","max-image-preview":"max-image-preview:large","max-video-preview":"max-video-preview:-1"},"canonical":"https:\/\/frogforpets.com\/en\/product\/rana-entera-congeladas\/","og_locale":"en_US","og_type":"article","og_title":"Ranas Enteras Congeladas para Reptiles | Frog For Pets","og_description":"Ranas enteras congeladas (Whole Prey) para reptiles. Alta prote\u00edna, baja grasa y calcio natural. Dieta biol\u00f3gicamente perfecta. \u00a1Calidad Frog For Pets aqu\u00ed!","og_url":"https:\/\/frogforpets.com\/en\/product\/rana-entera-congeladas\/","og_site_name":"FROG FOR PETS","article_publisher":"https:\/\/www.facebook.com\/FROG-4-PETS-478081129251940\/","article_modified_time":"2026-02-27T14:12:49+00:00","og_image":[{"width":1200,"height":1200,"url":"https:\/\/frogforpets.com\/wp-content\/uploads\/2024\/03\/anura-whole-prey.jpg","type":"image\/jpeg"}],"twitter_card":"summary_large_image","twitter_site":"@frog4pets","twitter_misc":{"Est. reading time":"1 minute"},"schema":{"@context":"https:\/\/schema.org","@graph":[{"@type":"WebPage","@id":"https:\/\/frogforpets.com\/product\/rana-entera-congeladas\/","url":"https:\/\/frogforpets.com\/product\/rana-entera-congeladas\/","name":"Ranas Enteras Congeladas para Reptiles | Frog For Pets","isPartOf":{"@id":"https:\/\/frogforpets.com\/#website"},"primaryImageOfPage":{"@id":"https:\/\/frogforpets.com\/product\/rana-entera-congeladas\/#primaryimage"},"image":{"@id":"https:\/\/frogforpets.com\/product\/rana-entera-congeladas\/#primaryimage"},"thumbnailUrl":"https:\/\/frogforpets.com\/wp-content\/uploads\/2024\/03\/anura-whole-prey.jpg","datePublished":"2024-03-11T09:53:22+00:00","dateModified":"2026-02-27T14:12:49+00:00","description":"Ranas enteras congeladas (Whole Prey) para reptiles. Alta prote\u00edna, baja grasa y calcio natural. Dieta biol\u00f3gicamente perfecta. \u00a1Calidad Frog For Pets aqu\u00ed!","breadcrumb":{"@id":"https:\/\/frogforpets.com\/product\/rana-entera-congeladas\/#breadcrumb"},"inLanguage":"en-US","potentialAction":[{"@type":"ReadAction","target":["https:\/\/frogforpets.com\/product\/rana-entera-congeladas\/"]}]},{"@type":"ImageObject","inLanguage":"en-US","@id":"https:\/\/frogforpets.com\/product\/rana-entera-congeladas\/#primaryimage","url":"https:\/\/frogforpets.com\/wp-content\/uploads\/2024\/03\/anura-whole-prey.jpg","contentUrl":"https:\/\/frogforpets.com\/wp-content\/uploads\/2024\/03\/anura-whole-prey.jpg","width":1200,"height":1200},{"@type":"BreadcrumbList","@id":"https:\/\/frogforpets.com\/product\/rana-entera-congeladas\/#breadcrumb","itemListElement":[{"@type":"ListItem","position":1,"name":"Home","item":"https:\/\/frogforpets.com\/"},{"@type":"ListItem","position":2,"name":"Shop","item":"https:\/\/frogforpets.com\/tienda\/"},{"@type":"ListItem","position":3,"name":"RANAS ENTERAS CONGELADAS (Whole Anura Bio-Prey)"}]},{"@type":"WebSite","@id":"https:\/\/frogforpets.com\/#website","url":"https:\/\/frogforpets.com\/","name":"Frog for pets","description":"Prote\u00edna de calidad para tu mascota","publisher":{"@id":"https:\/\/frogforpets.com\/#organization"},"potentialAction":[{"@type":"SearchAction","target":{"@type":"EntryPoint","urlTemplate":"https:\/\/frogforpets.com\/?s={search_term_string}"},"query-input":{"@type":"PropertyValueSpecification","valueRequired":true,"valueName":"search_term_string"}}],"inLanguage":"en-US"},{"@type":"Organization","@id":"https:\/\/frogforpets.com\/#organization","name":"Frog4Pets","url":"https:\/\/frogforpets.com\/","logo":{"@type":"ImageObject","inLanguage":"en-US","@id":"https:\/\/frogforpets.com\/#\/schema\/logo\/image\/","url":"https:\/\/frogforpets.com\/wp-content\/uploads\/2020\/07\/LOGO.png","contentUrl":"https:\/\/frogforpets.com\/wp-content\/uploads\/2020\/07\/LOGO.png","width":400,"height":300,"caption":"Frog4Pets"},"image":{"@id":"https:\/\/frogforpets.com\/#\/schema\/logo\/image\/"},"sameAs":["https:\/\/www.facebook.com\/FROG-4-PETS-478081129251940\/","https:\/\/x.com\/frog4pets","https:\/\/www.instagram.com\/frog4pets\/","https:\/\/www.linkedin.com\/mwlite\/company\/frog4pets","https:\/\/www.youtube.com\/channel\/UCyZ-zhMoUZFSIAmUtEkNKSA\/"]}]}},"jetpack_sharing_enabled":true,"_links":{"self":[{"href":"https:\/\/frogforpets.com\/en\/wp-json\/wp\/v2\/product\/1765","targetHints":{"allow":["GET"]}}],"collection":[{"href":"https:\/\/frogforpets.com\/en\/wp-json\/wp\/v2\/product"}],"about":[{"href":"https:\/\/frogforpets.com\/en\/wp-json\/wp\/v2\/types\/product"}],"wp:featuredmedia":[{"embeddable":true,"href":"https:\/\/frogforpets.com\/en\/wp-json\/wp\/v2\/media\/1879"}],"wp:attachment":[{"href":"https:\/\/frogforpets.com\/en\/wp-json\/wp\/v2\/media?parent=1765"}],"wp:term":[{"taxonomy":"product_brand","embeddable":true,"href":"https:\/\/frogforpets.com\/en\/wp-json\/wp\/v2\/product_brand?post=1765"},{"taxonomy":"product_cat","embeddable":true,"href":"https:\/\/frogforpets.com\/en\/wp-json\/wp\/v2\/product_cat?post=1765"},{"taxonomy":"product_tag","embeddable":true,"href":"https:\/\/frogforpets.com\/en\/wp-json\/wp\/v2\/product_tag?post=1765"}],"curies":[{"name":"wp","href":"https:\/\/api.w.org\/{rel}","templated":true}]}}